{"id":163,"date":"2020-06-06T13:24:51","date_gmt":"2020-06-06T13:24:51","guid":{"rendered":"https:\/\/hillf.dk\/?page_id=163"},"modified":"2020-06-06T13:24:51","modified_gmt":"2020-06-06T13:24:51","slug":"krav-til-udstyr-til-staevner","status":"publish","type":"page","link":"https:\/\/hillf.dk\/?page_id=163","title":{"rendered":"Krav til udstyr til st\u00e6vner"},"content":{"rendered":"\n<p>Nedenst\u00e5ende g\u00e6lder normalt for nordiske st\u00e6vner. Til mindre begynderst\u00e6vner kan der fraviges fra reglementet.<\/p>\n\n\n\n<p>F\u00f8lgende er <span style=\"text-decoration: underline;\">minimumskrav<\/span>. <\/p>\n\n\n\n<p><strong>V\u00e5ben og ledninger:<\/strong><\/p>\n\n\n\n<p>Hav <strong>altid<\/strong> minimum to v\u00e5ben\/kropsledning med til st\u00e6vnet. Hvis f\u00e6gteren ikke medbringer reservev\u00e5ben\/kropsledning til pisten f\u00e5r f\u00e6gteren et gult kort.<\/p>\n\n\n\n<p>Tjek v\u00e5bnene f\u00f8r st\u00e6vnet: spidsvandring, v\u00e6gt og manglende spidsskruer. V\u00e6r opm\u00e6rksom p\u00e5 st\u00e6vnekrav om klingel\u00e6ngde og\/eller FIE-klingegodkendelse. Husk at medbringe reparationsgrej til st\u00e6vnet, s\u00e5 fejl kan udbedres mellem kampene.<\/p>\n\n\n\n<p>Klubbens v\u00e5ben er sj\u00e6ldent godkendt til st\u00e6vnebrug. Typisk mangler der spidsskruer og de kan sj\u00e6ldent holde v\u00e6gt og spidsm\u00e5l.<\/p>\n\n\n\n<p>Kropsledninger skal tjekkes for periodiske fejl og irrede b\u00f8sninger.<\/p>\n\n\n\n<p><strong>F\u00e6gtet\u00f8j:<\/strong><\/p>\n\n\n\n<p>Lange hvide sokker &#8211; <strong>det er et krav<\/strong>.<\/p>\n\n\n\n<p>F\u00e6gtebukser FIE-godkendt til 800 NM<\/p>\n\n\n\n<p>F\u00e6gtejakke FIE-godkendt til 800 NM<\/p>\n\n\n\n<p>Maske FIE-godkendt til 1600 NM<\/p>\n\n\n\n<p>Sikkerhedsvest FIE-godkendt til 800 NM (Skal ikke bruges af puslinge\/miniorer. Kan IKKE l\u00e5nes af klubben)<\/p>\n\n\n\n<p>F\u00e6gtehandske der ikke skal v\u00e6re FIE-godkendt.<\/p>\n\n\n\n<p>El-jakke til fleuret og sabel. Ingen FIE-krav, men skal fungere!<\/p>\n\n\n\n<p>Jakke og buks er designet til enten h\u00f8jre- eller venstreh\u00e5ndede. Det er ikke tilladt at bruge bukser\/jakker til den forkerte v\u00e5benarm.<\/p>\n\n\n\n<p>Navn p\u00e5 ryggen og flag p\u00e5 arm og ben er ikke n\u00f8dvendigt til andet end FIE-st\u00e6vner.<\/p>\n\n\n\n<p>Udover det ovenfor n\u00e6vnte udstyr er det fornuftigt at medbringe andet sportsudstyr: tr\u00e6ningsdragt, drikkedunk, madpakke, h\u00e5ndkl\u00e6de og ekstra t-shirts<\/p>\n\n\n\n<p><strong>FIE:&nbsp;<\/strong><\/p>\n\n\n\n<p>FIE st\u00e5r for Federation International D\u2019Escrime (<a href=\"http:\/\/www.fie.ch\" target=\"_blank\" rel=\"noreferrer noopener\">Det internationale F\u00e6gteforbund<\/a>).<\/p>\n\n\n\n<p>FIE-godkendelse betyder alts\u00e5 at t\u00f8j\/v\u00e5benfabrikanten er godkendt af FIE og at udstyret lever op til FIEs st\u00e6vnekrav. FIE-godkendt f\u00e6gtet\u00f8j er typisk m\u00e6rket med 800 eller 1600 NM. Dette betyder at t\u00f8jet<\/p>\n\n\n\n<p>kan modst\u00e5 et tryk p\u00e5 80 eller 160 kilos tryk pr. cm\u00b2. Hvis man l\u00e5ner udstyr af klubben skal f\u00e6gteren tjekke at udstyret er godkendt til det som st\u00e6vnet kr\u00e6ver.<\/p>\n\n\n\n<p>Klubbens masker er ikke alle godkendt til st\u00e6vnebrug.<\/p>\n\n\n\n<p><strong>Generelt:<\/strong><\/p>\n\n\n\n<p>Tjek st\u00e6vneinvitationen for udstyrskrav. Klubmesterskaber har ikke samme udstyrskrav som DM eller VM.<\/p>\n","protected":false},"excerpt":{"rendered":"<p>Nedenst\u00e5ende g\u00e6lder normalt for nordiske st\u00e6vner. Til mindre begynderst\u00e6vner kan der fraviges fra reglementet. F\u00f8lgende er minimumskrav. V\u00e5ben og ledninger: Hav altid minimum to v\u00e5ben\/kropsledning med til st\u00e6vnet. Hvis f\u00e6gteren ikke medbringer reservev\u00e5ben\/kropsledning til pisten f\u00e5r f\u00e6gteren et gult kort. Tjek v\u00e5bnene f\u00f8r st\u00e6vnet: spidsvandring, v\u00e6gt og manglende spidsskruer. V\u00e6r opm\u00e6rksom p\u00e5 st\u00e6vnekrav om klingel\u00e6ngde [&hellip;]<\/p>\n","protected":false},"author":1,"featured_media":0,"parent":0,"menu_order":0,"comment_status":"closed","ping_status":"closed","template":"","meta":{"site-sidebar-layout":"default","site-content-layout":"default","ast-site-content-layout":"default","site-content-style":"default","site-sidebar-style":"default","ast-global-header-display":"","ast-banner-title-visibility":"","ast-main-header-display":"","ast-hfb-above-header-display":"","ast-hfb-below-header-display":"","ast-hfb-mobile-header-display":"","site-post-title":"","ast-breadcrumbs-content":"","ast-featured-img":"","footer-sml-layout":"","ast-disable-related-posts":"","theme-transparent-header-meta":"default","adv-header-id-meta":"","stick-header-meta":"","header-above-stick-meta":"","header-main-stick-meta":"","header-below-stick-meta":"","astra-migrate-meta-layouts":"default","ast-page-background-enabled":"default","ast-page-background-meta":{"desktop":{"background-color":"var(--ast-global-color-4)","background-image":"","background-repeat":"repeat","background-position":"center center","background-size":"auto","background-attachment":"scroll","background-type":"","background-media":"","overlay-type":"","overlay-color":"","overlay-opacity":"","overlay-gradient":""},"tablet":{"background-color":"","background-image":"","background-repeat":"repeat","background-position":"center center","background-size":"auto","background-attachment":"scroll","background-type":"","background-media":"","overlay-type":"","overlay-color":"","overlay-opacity":"","overlay-gradient":""},"mobile":{"background-color":"","background-image":"","background-repeat":"repeat","background-position":"center center","background-size":"auto","background-attachment":"scroll","background-type":"","background-media":"","overlay-type":"","overlay-color":"","overlay-opacity":"","overlay-gradient":""}},"ast-content-background-meta":{"desktop":{"background-color":"var(--ast-global-color-5)","background-image":"","background-repeat":"repeat","background-position":"center center","background-size":"auto","background-attachment":"scroll","background-type":"","background-media":"","overlay-type":"","overlay-color":"","overlay-opacity":"","overlay-gradient":""},"tablet":{"background-color":"var(--ast-global-color-5)","background-image":"","background-repeat":"repeat","background-position":"center center","background-size":"auto","background-attachment":"scroll","background-type":"","background-media":"","overlay-type":"","overlay-color":"","overlay-opacity":"","overlay-gradient":""},"mobile":{"background-color":"var(--ast-global-color-5)","background-image":"","background-repeat":"repeat","background-position":"center center","background-size":"auto","background-attachment":"scroll","background-type":"","background-media":"","overlay-type":"","overlay-color":"","overlay-opacity":"","overlay-gradient":""}},"footnotes":""},"class_list":["post-163","page","type-page","status-publish","hentry"],"_links":{"self":[{"href":"https:\/\/hillf.dk\/index.php?rest_route=\/wp\/v2\/pages\/163","targetHints":{"allow":["GET"]}}],"collection":[{"href":"https:\/\/hillf.dk\/index.php?rest_route=\/wp\/v2\/pages"}],"about":[{"href":"https:\/\/hillf.dk\/index.php?rest_route=\/wp\/v2\/types\/page"}],"author":[{"embeddable":true,"href":"https:\/\/hillf.dk\/index.php?rest_route=\/wp\/v2\/users\/1"}],"replies":[{"embeddable":true,"href":"https:\/\/hillf.dk\/index.php?rest_route=%2Fwp%2Fv2%2Fcomments&post=163"}],"version-history":[{"count":3,"href":"https:\/\/hillf.dk\/index.php?rest_route=\/wp\/v2\/pages\/163\/revisions"}],"predecessor-version":[{"id":174,"href":"https:\/\/hillf.dk\/index.php?rest_route=\/wp\/v2\/pages\/163\/revisions\/174"}],"wp:attachment":[{"href":"https:\/\/hillf.dk\/index.php?rest_route=%2Fwp%2Fv2%2Fmedia&parent=163"}],"curies":[{"name":"wp","href":"https:\/\/api.w.org\/{rel}","templated":true}]}}